{"id":8,"date":"2019-01-14T10:12:16","date_gmt":"2019-01-14T10:12:16","guid":{"rendered":"https:\/\/10.51.34.7\/?page_id=8"},"modified":"2021-02-17T11:02:03","modified_gmt":"2021-02-17T10:02:03","slug":"service","status":"publish","type":"page","link":"https:\/\/messelager.volkswagen.de\/?page_id=8","title":{"rendered":"Service"},"content":{"rendered":"<div class=\"in\">\n<div class=\"box\"><a href=\".\/?page_id=10\"><img decoding=\"async\" src=\".\/wp-content\/uploads\/2019\/08\/024.jpg\" alt=\"\"><\/a><\/div>\n<div class=\"box\">\n<h3><a href=\".\/?page_id=145\" class=\"link\">Event Support<\/a><\/h3>\n<h1><a href=\".\/?page_id=145\" class=\"main\">Bringt mit Erfahrung Events auf den Weg.<\/h1>\n<h6>Assistenz mit System.<\/a><\/h6>\n<p class=\"text\"><a href=\".\/?page_id=10\" class=\"main\">Individuell, effizient und kreativ wie ihr Event, bringt sie das erfahrene Messelagerteam auf den Weg. Mit den kompetenten Partnern und individuellen Service aus einer Hand auch bis ins Ziel.<\/a><\/p>\n<p class=\"text\"><a href=\".\/?page_id=10\" class=\"link\"><u><span style=\"color:#001e50\"><b>Zu den Kontaktinfos des Messelagers<\/b><\/span><\/u><\/p>\n<p><\/a><\/div>\n<\/div>\n<div class=\"out\">\n<div class=\"box\"><a href=\".\/?page_id=145\"><img decoding=\"async\" class=\"alignleft\" src=\".\/wp-content\/uploads\/2019\/08\/037.jpg\" alt=\"\"><\/a><\/div>\n<div class=\"box\">\n<h3><a href=\".\/?page_id=145\" class=\"link\">Materialverleih<\/h3>\n<h1><a href=\".\/?page_id=145\" class=\"main\">Gibt ihrem Event unser Bestes.<\/h1>\n<h6>Corporate-Design-Material.<\/a><\/h6>\n<p class=\"text\"><a href=\".\/?page_id=145\" class=\"main\">So vielf\u00e4ltig wie ihr Raum &#8211; ob M\u00f6bel, W\u00e4nde, B\u00f6den, Licht oder weiteres Equipment-, so einzigartig wie ihre Veranstaltung &#8211; ob Catering, Messe, Tagung oder weitere Events. \u00dcber 3.000 Artikel f\u00fcr Innen und Au\u00dfen in erprobter Volkswagen-Qualit\u00e4t stets zur Verf\u00fcgung.<\/a><\/p>\n<p class=\"text\"><a href=\".\/?page_id=145\" class=\"link\"><u><span style=\"color:#001e50\"><b>Zu den Artikeln des Messelagers<\/b><\/span><\/u><\/p>\n<p><\/a><\/div>\n<\/div>\n","protected":false},"excerpt":{"rendered":"<p>Event Support Bringt mit Erfahrung Events auf den Weg. Assistenz mit System. Individuell, effizient und kreativ wie ihr Event, bringt sie das erfahrene Messelagerteam auf den Weg. Mit den kompetenten Partnern und individuellen Service aus einer Hand auch bis ins Ziel. Zu den Kontaktinfos des Messelagers Materialverleih Gibt ihrem Event unser Bestes. Corporate-Design-Material. So vielf\u00e4ltig [&hellip;]<\/p>\n","protected":false},"author":1,"featured_media":0,"parent":0,"menu_order":0,"comment_status":"closed","ping_status":"closed","template":"","meta":{"footnotes":""},"class_list":["post-8","page","type-page","status-publish","hentry"],"_links":{"self":[{"href":"https:\/\/messelager.volkswagen.de\/index.php?rest_route=\/wp\/v2\/pages\/8","targetHints":{"allow":["GET"]}}],"collection":[{"href":"https:\/\/messelager.volkswagen.de\/index.php?rest_route=\/wp\/v2\/pages"}],"about":[{"href":"https:\/\/messelager.volkswagen.de\/index.php?rest_route=\/wp\/v2\/types\/page"}],"author":[{"embeddable":true,"href":"https:\/\/messelager.volkswagen.de\/index.php?rest_route=\/wp\/v2\/users\/1"}],"replies":[{"embeddable":true,"href":"https:\/\/messelager.volkswagen.de\/index.php?rest_route=%2Fwp%2Fv2%2Fcomments&post=8"}],"version-history":[{"count":24,"href":"https:\/\/messelager.volkswagen.de\/index.php?rest_route=\/wp\/v2\/pages\/8\/revisions"}],"predecessor-version":[{"id":26700,"href":"https:\/\/messelager.volkswagen.de\/index.php?rest_route=\/wp\/v2\/pages\/8\/revisions\/26700"}],"wp:attachment":[{"href":"https:\/\/messelager.volkswagen.de\/index.php?rest_route=%2Fwp%2Fv2%2Fmedia&parent=8"}],"curies":[{"name":"wp","href":"https:\/\/api.w.org\/{rel}","templated":true}]}}