{"id":38,"date":"2019-01-14T15:03:07","date_gmt":"2019-01-14T14:03:07","guid":{"rendered":"https:\/\/katalog.msl-logistics.de\/?page_id=38"},"modified":"2020-06-18T10:34:40","modified_gmt":"2020-06-18T09:34:40","slug":"datenschutzerklaerung","status":"publish","type":"page","link":"https:\/\/messelager.volkswagen.de\/?page_id=38","title":{"rendered":"Datenschutzerkl\u00e4rung"},"content":{"rendered":"<div class=\"in\">\n<h1>Datenschutzerkl\u00e4rung.<\/h1>\n<p id=\"p1\">\n<h2>A. Verantwortlicher<\/h2>\n<p>Wir freuen uns, dass Sie eine Website der Volkswagen AG, Berliner Ring 2, 38440 Wolfsburg, messelager@volkswagen.de, eingetragen im Handelsregister des Amtsgerichts Braunschweig unter der Nr. HRB 100484 (\u201eVolkswagen AG\u201c) besuchen. Im Folgenden informieren wir Sie \u00fcber die Verarbeitung Ihrer personenbezogenen Daten durch die Volkswagen AG im Zusammenhang mit Ihrem Besuch der Webseite.<\/p>\n<p id=\"p1\">\n<h2>B. Verarbeitung Ihrer personenbezogenen Daten<\/h2>\n<p><\/p>\n<h2>I.\tVerarbeitung von Protokolldateien<\/h2>\n<p>Bei ihrem Besuch auf unserer Webseite verarbeiten wir die folgenden Protokolldateien von Ihnen, die keinen R\u00fcckschluss auf Ihre Person zulassen:<br \/>\n1. das von Ihnen genutzte Betriebssystem, den von Ihnen genutzten Web-Browser und die von Ihnen eingestellte Bildschirmaufl\u00f6sung, sowie<br \/>\n2. das Datum und die Uhrzeit Ihres Besuchs.<br \/>\nDie Verarbeitung dieser Daten erfolgt gem\u00e4\u00df Artikel 6 Abs. 1 lit. f DSGVO aufgrund unseres berechtigten Interesses, Ihnen die Webseite ordnungsgem\u00e4\u00df anzeigen zu k\u00f6nnen. Die Daten werden nach Verlassen der Webseite gel\u00f6scht.<\/p>\n<h2>II. Artikelkatalog<\/h2>\n<p>Das Volkswagen Messelager stellt eine breite Auswahl an Veranstaltungsmodulen und Equipment zur Verf\u00fcgung, die f\u00fcr Events und Messen reserviert und gemietet werden k\u00f6nnen. Auf dieser Webseite (unter der Rubrik \u201eArtikel\u201c) k\u00f6nnen Sie sich, nach erfolgter Freigabe, einen \u00dcberblick \u00fcber das vorhandene Veranstaltungsequipment verschaffen. Hierzu beantragen Sie bitte einen Zugang in der Rubrik \u201eMein Profil\u201c. Zur Authentifizierung werden daf\u00fcr folgende personenbezogene Daten von Ihnen erhoben: Name, Vorname und gesch\u00e4ftliche E-Mailadresse. Diese Daten werden von der Volkswagen AG (unter Einsatz des Auftragsdatenverarbeiters MSL logistics GmbH) nur f\u00fcr die Authentifizierung auf dieser Webseite genutzt (Art. 6 Abs. 1 S. 1 lit. b DSGVO).<br \/>\n<\/p>\n<h2>III. Warenwirtschaftssystem<\/h2>\n<p>Sofern Sie dar\u00fcber hinaus Interesse an unserem Mietmaterial haben, k\u00f6nnen Sie telefonisch oder schriftlich eine Mietanfrage stellen. Danach erfolgt zus\u00e4tzlich eine Erfassung ihres Vorhabens im Warenwirtssystem des Messelagers um Material-Reservierungen, Auslieferungen und Abrechnungen ihres Projektes vornehmen zu k\u00f6nnen. Zu diesem Zweck werden von der Volkswagen AG (unter Einsatz des Auftragsdatenverarbeiters MSL logistics GmbH) folgende personenbezogenen Daten erhoben: Name, Vorname, gesch\u00e4ftliche Kontaktdaten inkl. Emailadresse. Die Erhebung der Daten erfolgt auf der Grundlage eines Vertragsanbahnungsverh\u00e4ltnisses (Art 6 Abs. 1 S. 1 lit. b DSGVO). Eine weitere Verwendung der Daten im Rahmen folgender Projekte ist m\u00f6glich. Die von Ihnen angegeben Daten werden 24 Monate nach zuletzt durchgef\u00fchrtem, abgeschlossenem Projekt gel\u00f6scht, sofern keine anderen Aufbewahrungsfristen (z. B. steuerliche Aufbewahrungsfristen) entgegenstehen.<\/p>\n<h2>C. Einsatz von Cookies und Tracking Tools<\/h2>\n<p>Die Volkswagen AG setzt auf ihren Webseiten verschiedene Cookies ein. Cookies sind kleine Dateien mit Konfigurationsinformationen, die auf Ihrem Endger\u00e4t gespeichert werden. Cookies lassen sich grunds\u00e4tzlich in drei Kategorien unterteilen. Es gibt Cookies, die f\u00fcr die Funktionalit\u00e4t der Webseite unerl\u00e4sslich sind (sog. Funktionscookies), Cookies, die den Komfort eines Webseitenbesuchs erh\u00f6hen und z. B. Ihre Spracheinstellungen speichern (sog. Komfortcookies) und Cookies, aufgrund derer ein pseudonymisiertes Nutzungsprofil erstellt wird (sog. Trackingcookies).<br \/>\nDie Verarbeitung der Funktionscookies ist notwendig, um Ihnen einen Besuch der Webseite zu erm\u00f6glichen (vgl. Art. 6 Abs. 1 lit. b DSGVO).<br \/>\nDie Rechtsgrundlage f\u00fcr die Komfortcookies ist ein berechtigtes Interesse (Art. 6 Abs. 1 lit. f DSGVO). Das berechtigte Interesse liegt in der Bereitstellung eines Komforts bei dem Besuch der Webseite. Sie k\u00f6nnen der Datenverarbeitung jederzeit mit Wirkung f\u00fcr die Zukunft widersprechen, indem Sie die Speicherung von Cookies durch die Einstellung in Ihrem Browser verhindern.<br \/>\nWeitere Informationen zu unseren Cookies entnehmen Sie bitte der Cookie-Richtlinie sowie dem Folgenden.<br \/>\n<\/p>\n<h2>D. Ihre Rechte<\/h2>\n<p>Ihre nachfolgenden Rechte k\u00f6nnen Sie gegen\u00fcber der Volkswagen AG jederzeit unentgeltlich geltend machen. Weitere Informationen zur Wahrnehmung Ihrer Rechte finden Sie unter Abschnitt E.<\/p>\n<p><b>Auskunftsrecht:<\/b> Sie haben das Recht, von uns Auskunft (Art. 15 DSGVO) \u00fcber die Verarbeitung Ihrer personenbezogenen Daten zu erhalten.<\/p>\n<p><b>Berichtigungsrecht:<\/b> Sie haben das Recht, von uns die Berichtigung (Art. 16 DSGVO) Sie betreffender unrichtiger bzw. unvollst\u00e4ndiger personenbezogener Daten zu verlangen.<\/p>\n<p><b>Recht auf L\u00f6schung:<\/b> Sie haben das Recht, bei Vorliegen der in Art. 17 DSGVO genannten Voraussetzungen, die L\u00f6schung Ihrer Daten zu verlangen. Danach k\u00f6nnen Sie beispielsweise die L\u00f6schung Ihrer Daten verlangen, soweit diese f\u00fcr die Zwecke, f\u00fcr die sie erhoben wurden, nicht mehr notwendig sind. Au\u00dferdem k\u00f6nnen Sie L\u00f6schung verlangen, wenn wir Ihre Daten auf der Grundlage Ihrer Einwilligung verarbeiten und Sie diese Einwilligung widerrufen.<\/p>\n<p><b>Recht auf Einschr\u00e4nkung der Verarbeitung:<\/b> Sie haben das Recht, die Einschr\u00e4nkung der Verarbeitung Ihrer Daten zu verlangen, wenn die Voraussetzungen des Art. 18 DSGVO vorliegen. Dies ist beispielsweise der Fall, wenn Sie die Richtigkeit Ihrer Daten bestreiten. F\u00fcr die Dauer der \u00dcberpr\u00fcfung der Richtigkeit der Daten k\u00f6nnen Sie dann die Einschr\u00e4nkung der Verarbeitung verlangen.<\/p>\n<div style=\"border: 2px solid #999;\">\n<b>Widerspruchsrecht:<\/b> Sofern die Verarbeitung auf einem \u00fcberwiegenden berechtigten Interesse beruht, haben Sie das Recht, der Verarbeitung Ihrer Daten zu widersprechen. Ein Widerspruch ist zul\u00e4ssig, wenn die Verarbeitung entweder im \u00f6ffentlichen Interesse liegt oder aufgrund eines berechtigten Interesses der Volkswagen AG oder eines Dritten erfolgt. Im Falle des Widerspruchs bitten wir Sie, uns Ihre Gr\u00fcnde mitzuteilen, aus denen Sie der Datenverarbeitung widersprechen.<br \/>\nDaneben haben Sie das Recht, der Datenverarbeitung zu Zwecken der Direktwerbung zu widersprechen. Das gilt auch f\u00fcr Profiling, soweit es mit der Direktwerbung zusammenh\u00e4ngt.<\/div>\n<p><\/p>\n<p><b>Recht auf Daten\u00fcbertragbarkeit:<\/b> Sofern die Datenverarbeitung auf der Grundlage eine Einwilligung oder einer Vertragserf\u00fcllung beruht und diese zudem unter Einsatz einer automatisierten Verarbeitung erfolgt, haben Sie  das Recht, Ihre Daten in einem strukturierten, g\u00e4ngigem und maschinenlesbaren Format zu erhalten und diese an einen anderen Datenverarbeiter zu \u00fcbermitteln.<\/p>\n<p><b>Widerrufsrecht:<\/b> Sofern die Datenverarbeitung auf einer Einwilligung beruht, haben Sie  das Recht, die Einwilligung mit Wirkung f\u00fcr die Zukunft jederzeit kostenlos zu widerrufen.<\/p>\n<p><b>Beschwerderecht:<\/b> Sie haben au\u00dferdem das Recht, sich bei einer Aufsichtsbeh\u00f6rde (z. B. bei der Landesbeauftragten f\u00fcr den Datenschutz Niedersachsen) \u00fcber unsere Verarbeitung Ihrer Daten zu beschweren. <\/p>\n<h2>E. Ihre Ansprechpartner<\/h2>\n<p><b>Ansprechpartner f\u00fcr die Aus\u00fcbung Ihrer Rechte<\/b><\/p>\n<p>Die Ansprechpartner f\u00fcr die Aus\u00fcbung Ihrer Rechte und weitergehender Informationen finden Sie auf der folgenden Webseite <a href=\"https:\/\/datenschutz.volkswagen.de\">https:\/\/datenschutz.volkswagen.de<\/a>. <\/p>\n<p><b>Datenschutzbeauftragter<\/b><br \/>\nUnser Datenschutzbeauftragter steht Ihnen als Ansprechpartner f\u00fcr datenschutzbezogene Anliegen zur Verf\u00fcgung:<br \/>\nDatenschutzbeauftragter der Volkswagen AG<br \/>\nBerliner Ring 2, 38440 Wolfsburg<br \/>\n<a href=\"mailto:datenschutz@volkswagen.de\">datenschutz@volkswagen.de<\/a><\/p>\n<p>Stand: Juni 2020\n<\/p><\/div>\n","protected":false},"excerpt":{"rendered":"<p>Datenschutzerkl\u00e4rung. A. Verantwortlicher Wir freuen uns, dass Sie eine Website der Volkswagen AG, Berliner Ring 2, 38440 Wolfsburg, messelager@volkswagen.de, eingetragen im Handelsregister des Amtsgerichts Braunschweig unter der Nr. HRB 100484 (\u201eVolkswagen AG\u201c) besuchen. Im Folgenden informieren wir Sie \u00fcber die Verarbeitung Ihrer personenbezogenen Daten durch die Volkswagen AG im Zusammenhang mit Ihrem Besuch der Webseite. [&hellip;]<\/p>\n","protected":false},"author":1,"featured_media":0,"parent":0,"menu_order":0,"comment_status":"closed","ping_status":"closed","template":"","meta":{"footnotes":""},"class_list":["post-38","page","type-page","status-publish","hentry"],"_links":{"self":[{"href":"https:\/\/messelager.volkswagen.de\/index.php?rest_route=\/wp\/v2\/pages\/38","targetHints":{"allow":["GET"]}}],"collection":[{"href":"https:\/\/messelager.volkswagen.de\/index.php?rest_route=\/wp\/v2\/pages"}],"about":[{"href":"https:\/\/messelager.volkswagen.de\/index.php?rest_route=\/wp\/v2\/types\/page"}],"author":[{"embeddable":true,"href":"https:\/\/messelager.volkswagen.de\/index.php?rest_route=\/wp\/v2\/users\/1"}],"replies":[{"embeddable":true,"href":"https:\/\/messelager.volkswagen.de\/index.php?rest_route=%2Fwp%2Fv2%2Fcomments&post=38"}],"version-history":[{"count":42,"href":"https:\/\/messelager.volkswagen.de\/index.php?rest_route=\/wp\/v2\/pages\/38\/revisions"}],"predecessor-version":[{"id":18549,"href":"https:\/\/messelager.volkswagen.de\/index.php?rest_route=\/wp\/v2\/pages\/38\/revisions\/18549"}],"wp:attachment":[{"href":"https:\/\/messelager.volkswagen.de\/index.php?rest_route=%2Fwp%2Fv2%2Fmedia&parent=38"}],"curies":[{"name":"wp","href":"https:\/\/api.w.org\/{rel}","templated":true}]}}