{"id":17,"date":"2019-01-14T10:17:47","date_gmt":"2019-01-14T10:17:47","guid":{"rendered":"https:\/\/10.51.34.7\/?page_id=17"},"modified":"2023-10-13T12:01:47","modified_gmt":"2023-10-13T10:01:47","slug":"impressum","status":"publish","type":"page","link":"https:\/\/messelager.volkswagen.de\/?page_id=17","title":{"rendered":"Impressum"},"content":{"rendered":"<div class=\"in\">\n<h1>Anbieterkennzeichnung.<\/h1>\n<p>Die Volkswagen AG ist eine Aktiengesellschaft deutschen Rechts mit einem Stammkapital von EUR 1.283.315.873,28 mit Hauptsitz in Wolfsburg, Deutschland.<\/p>\n<p>Diese Website wird publiziert und redaktionell betreut von der Volkswagen AG, die wie unten angegeben geleitet wird:<\/p>\n<p>Vorsitzender des Aufsichtsrats:<br \/>\nHans Dieter P\u00f6tsch<\/p>\n<p>Vorsitzender des Vorstands:<br \/>\nOliver Blume<\/p>\n<p>Vorstand:<br \/>\n-Arno Antlitz<br \/>\n-Ralf Brandst\u00e4tter<br \/>\n-Gernot D\u00f6llner<br \/>\n-Manfred D\u00f6ss<br \/>\n-Gunnar Kilian<br \/>\n-Thomas Sch\u00e4fer<br \/>\n-Thomas Schmall-von Westerholt<br \/>\n-Hauke Stars<\/p>\n<p>Postanschrift:<br \/>\nBerliner Ring 2, 38440 Wolfsburg, Deutschland<br \/>\nTel.: +49-5361-9-0<br \/>\nFax: +49-5361-9-28282<\/p>\n<p>Kontakt:<br \/>\nE-Mail: messelager@volkswagen.de<br \/>\nTel.: +49-5361-9-83007<\/p>\n<p>Die Volkswagen AG ist im Handelsregister des Amtsgerichts Braunschweig unter der Nr. HRB 100484 eingetragen.<br \/>\nDie Umsatzsteueridentifikationsnummer der Volkswagen AG ist DE 115235681.<\/p>\n<p>Die folgenden Hinweise zur Verbraucherschlichtung und Online-Streitbeilegung gelten nur f\u00fcr Verbraucher mit Wohnsitz in der Europ\u00e4ischen Union und ber\u00fchren nicht die gesetzlichen Streitbeilegungsregelungen, die in L\u00e4ndern au\u00dferhalb der Europ\u00e4ischen Union bestehen k\u00f6nnen.<br \/>\nDie Volkswagen AG ist weder bereit noch verpflichtet, an einem Streitbeilegungsverfahren vor einer Verbraucherschlichtungsstelle teilzunehmen.<\/p>\n<p>Die Europ\u00e4ische Kommission stellt eine Plattform zur au\u00dfergerichtlichen Online-Streitbeilegung zur Verf\u00fcgung, die unter www.ec.europa.eu\/consumers\/odr erreichbar ist. Auf dieser Plattform finden Verbraucher eine Liste von Verbraucherstreitbeilegungsstellen, die bei der au\u00dfergerichtlichen Beilegung von Streitigkeiten behilflich sein k\u00f6nnen.<\/p>\n<p>\u00a9 Volkswagen 2023<\/p>\n<\/div>\n","protected":false},"excerpt":{"rendered":"<p>Anbieterkennzeichnung. Die Volkswagen AG ist eine Aktiengesellschaft deutschen Rechts mit einem Stammkapital von EUR 1.283.315.873,28 mit Hauptsitz in Wolfsburg, Deutschland. Diese Website wird publiziert und redaktionell betreut von der Volkswagen AG, die wie unten angegeben geleitet wird: Vorsitzender des Aufsichtsrats: Hans Dieter P\u00f6tsch Vorsitzender des Vorstands: Oliver Blume Vorstand: -Arno Antlitz -Ralf Brandst\u00e4tter -Gernot D\u00f6llner [&hellip;]<\/p>\n","protected":false},"author":1,"featured_media":0,"parent":0,"menu_order":0,"comment_status":"closed","ping_status":"closed","template":"","meta":{"footnotes":""},"class_list":["post-17","page","type-page","status-publish","hentry"],"_links":{"self":[{"href":"https:\/\/messelager.volkswagen.de\/index.php?rest_route=\/wp\/v2\/pages\/17","targetHints":{"allow":["GET"]}}],"collection":[{"href":"https:\/\/messelager.volkswagen.de\/index.php?rest_route=\/wp\/v2\/pages"}],"about":[{"href":"https:\/\/messelager.volkswagen.de\/index.php?rest_route=\/wp\/v2\/types\/page"}],"author":[{"embeddable":true,"href":"https:\/\/messelager.volkswagen.de\/index.php?rest_route=\/wp\/v2\/users\/1"}],"replies":[{"embeddable":true,"href":"https:\/\/messelager.volkswagen.de\/index.php?rest_route=%2Fwp%2Fv2%2Fcomments&post=17"}],"version-history":[{"count":6,"href":"https:\/\/messelager.volkswagen.de\/index.php?rest_route=\/wp\/v2\/pages\/17\/revisions"}],"predecessor-version":[{"id":41660,"href":"https:\/\/messelager.volkswagen.de\/index.php?rest_route=\/wp\/v2\/pages\/17\/revisions\/41660"}],"wp:attachment":[{"href":"https:\/\/messelager.volkswagen.de\/index.php?rest_route=%2Fwp%2Fv2%2Fmedia&parent=17"}],"curies":[{"name":"wp","href":"https:\/\/api.w.org\/{rel}","templated":true}]}}