{"id":12043,"date":"2019-05-15T12:13:18","date_gmt":"2019-05-15T11:13:18","guid":{"rendered":"https:\/\/messelager.volkswagen.de\/?page_id=12043"},"modified":"2019-05-15T13:22:47","modified_gmt":"2019-05-15T12:22:47","slug":"cookies","status":"publish","type":"page","link":"https:\/\/messelager.volkswagen.de\/?page_id=12043","title":{"rendered":"Cookies"},"content":{"rendered":"<div class=\"in\">\n<h1>Cookie-Richtlinie.<\/h1>\n<p>Ein Cookie ist ein kleiner Datensatz, der auf Ihrem Endger\u00e4t gespeichert wird und Daten wie z. B. pers\u00f6nliche Seiteneinstellungen und Anmeldeinformationen enth\u00e4lt. Dieser Datensatz wird von dem Web-Server, mit dem Sie \u00fcber Ihren Web-Browser eine Verbindung aufgebaut haben, erzeugt und an Sie gesendet. Im Allgemeinen setzen wir Cookies zur Analyse des Interesses an unseren Webseiten sowie zur Verbesserung der Benutzerfreundlichkeit unserer Webseiten ein. Sie k\u00f6nnen unsere Webseiten grunds\u00e4tzlich auch ohne Cookies aufrufen. Wollen Sie unsere Webseiten vollumf\u00e4nglich bzw. komfortabel nutzen, sollten Sie jedoch diejenigen Cookies akzeptieren, die die Nutzung bestimmter Funktionen erm\u00f6glichen bzw. die Nutzung komfortabler machen. Die Verwendungszwecke der von uns genutzten Cookies k\u00f6nnen Sie der nachstehenden \u00dcbersicht entnehmen.<\/p>\n<p>Mit der Nutzung unserer Webseiten sind Sie, soweit Cookies nach Ihren Browser-Einstellungen akzeptiert werden, mit dem Einsatz dieser Cookies einverstanden. Die meisten Browser sind standardm\u00e4\u00dfig so eingestellt, dass sie alle Cookies akzeptieren. Sie haben allerdings die M\u00f6glichkeit, Ihren Browser derart einzustellen, dass Cookies vor ihrer Speicherung angezeigt werden, nur bestimmte Cookies akzeptiert oder abgelehnt werden oder Cookies generell abgelehnt werden.<\/p>\n<p>Wir weisen darauf hin, dass Einstellungs\u00e4nderungen immer nur den jeweiligen Browser betreffen. Nutzen Sie verschiedene Browser oder wechseln Sie das Endger\u00e4t, m\u00fcssen die Einstellungen erneut vorgenommen werden. Dar\u00fcber hinaus k\u00f6nnen Sie Cookies jederzeit aus Ihrem Speichermedium l\u00f6schen. Informationen zu den Cookie-Einstellungen, deren \u00c4nderung und der L\u00f6schung von Cookies entnehmen Sie bitte der Hilfefunktion Ihres Web-Browsers.<\/p>\n<p>Nachfolgend sind die gebr\u00e4uchlichsten Arten von Cookies zu Ihrem Verst\u00e4ndnis erkl\u00e4rt:<\/p>\n<h4>1. Sitzungs-Cookies<\/h4>\n<p>W\u00e4hrend Sie auf einer Webseite aktiv sind, wird tempor\u00e4r ein Sitzungs-Cookie im Speicher Ihres Computers abgelegt, in dem eine Sitzungskennung gespeichert wird, um z. B. bei jedem Seitenwechsel zu verhindern, dass Sie sich erneut anmelden m\u00fcssen. Sitzungs-Cookies werden bei der Abmeldung gel\u00f6scht oder verlieren ihre G\u00fcltigkeit, sobald ihre Sitzung automatisch abgelaufen ist.<\/p>\n<h4>2. Permanente oder Protokoll-Cookies<\/h4>\n<p>Ein permanenter oder Protokoll-Cookie speichert eine Datei \u00fcber den im Ablaufdatum vorgesehenen Zeitraum auf Ihrem Computer. Durch diese Cookies erinnern sich Webseiten bei Ihrem n\u00e4chsten Besuch an Ihre Informationen und Einstellungen. Das f\u00fchrt zu einem schnelleren und bequemeren Zugriff, da Sie z. B. nicht erneut ihre Spracheinstellung f\u00fcr unser Portal vornehmen m\u00fcssen. Mit Verstreichen des Ablaufdatums wird der Cookie automatisch gel\u00f6scht, wenn Sie die Webseite besuchen, die diesen erzeugt hat.<\/p>\n<h4>3. Drittanbieter-Cookies<\/h4>\n<p>Drittanbieter-Cookies stammen von anderen Anbietern als dem Betreiber der Webseite. Sie k\u00f6nnen beispielsweise zum Sammeln von Informationen f\u00fcr Werbung, benutzerdefinierte Inhalte und Web-Statistiken verwendet werden.<\/p>\n<h4>4. Flash-Cookies<\/h4>\n<p>Flash-Cookies werden als Datenelemente von Webseiten auf Ihrem Computer gespeichert, wenn diese mit Adobe Flash betrieben werden. Flash-Cookies haben kein Zeitlimit.<\/p>\n<p>Auf dieser Webseite werden die folgenden Cookies verwendet:\n<\/p><\/div>\n<div class=\"out\">\n<div class=\"divTable unicorn\">\n<div class=\"divTableHeading\">\n<div class=\"divTableRow\">\n<div class=\"divTableHead\">Name des Cookies<\/div>\n<div class=\"divTableHead\">Verwendungszweck<\/div>\n<div class=\"divTableHead\">Speicherdauer<\/div>\n<\/div>\n<\/div>\n<div class=\"divTableBody\">\n<div class=\"divTableRow\">\n<div class=\"divTableCell\">wordpress_test_cookie<\/div>\n<div class=\"divTableCell\">WordPress Test Cookie um zu ermitteln ob Cookies gesetzt werden k\u00f6nnen<\/div>\n<div class=\"divTableCell\">Sessioncookie<\/div>\n<\/div>\n<div class=\"divTableRow\">\n<div class=\"divTableCell\">wp-settings-<\/div>\n<div class=\"divTableCell\">WordPress Informationen zur aktuellen Sitzung<\/div>\n<div class=\"divTableCell\">1 Jahr<\/div>\n<\/div>\n<div class=\"divTableRow\">\n<div class=\"divTableCell\">wp-settings-time-<\/div>\n<div class=\"divTableCell\">WordPress Informationen zur aktuellen Sitzung<\/div>\n<div class=\"divTableCell\">1 Jahr<\/div>\n<\/div>\n<div class=\"divTableRow\">\n<div class=\"divTableCell\">wordpress_logged_in<\/div>\n<div class=\"divTableCell\">Identifizierung des eingeloggten WordPress Users<\/div>\n<div class=\"divTableCell\">Sessioncookie<\/div>\n<\/div>\n<div class=\"divTableRow\">\n<div class=\"divTableCell\">woocommerce_cart_hash<\/div>\n<div class=\"divTableCell\">Cookie dient der Zuordnung des Warenkorbs zu einem User<\/div>\n<div class=\"divTableCell\">Sessioncookie<\/div>\n<\/div>\n<div class=\"divTableRow\">\n<div class=\"divTableCell\">woocommerce_items_in_cart<\/div>\n<div class=\"divTableCell\">Warenkorbverwaltung<\/div>\n<div class=\"divTableCell\">Sessioncookie<\/div>\n<\/div>\n<div class=\"divTableRow\">\n<div class=\"divTableCell\">wp_woocommerce_session_<\/div>\n<div class=\"divTableCell\">Speichert eine eindeutige Zeichenfolge, um den Warenkorb dem User zuordnen zu k\u00f6nnen<\/div>\n<div class=\"divTableCell\">Sessioncookie<\/div>\n<\/div>\n<\/div>\n","protected":false},"excerpt":{"rendered":"<p>Cookie-Richtlinie. Ein Cookie ist ein kleiner Datensatz, der auf Ihrem Endger\u00e4t gespeichert wird und Daten wie z. B. pers\u00f6nliche Seiteneinstellungen und Anmeldeinformationen enth\u00e4lt. Dieser Datensatz wird von dem Web-Server, mit dem Sie \u00fcber Ihren Web-Browser eine Verbindung aufgebaut haben, erzeugt und an Sie gesendet. Im Allgemeinen setzen wir Cookies zur Analyse des Interesses an unseren [&hellip;]<\/p>\n","protected":false},"author":1,"featured_media":0,"parent":0,"menu_order":0,"comment_status":"closed","ping_status":"closed","template":"","meta":{"footnotes":""},"class_list":["post-12043","page","type-page","status-publish","hentry"],"_links":{"self":[{"href":"https:\/\/messelager.volkswagen.de\/index.php?rest_route=\/wp\/v2\/pages\/12043","targetHints":{"allow":["GET"]}}],"collection":[{"href":"https:\/\/messelager.volkswagen.de\/index.php?rest_route=\/wp\/v2\/pages"}],"about":[{"href":"https:\/\/messelager.volkswagen.de\/index.php?rest_route=\/wp\/v2\/types\/page"}],"author":[{"embeddable":true,"href":"https:\/\/messelager.volkswagen.de\/index.php?rest_route=\/wp\/v2\/users\/1"}],"replies":[{"embeddable":true,"href":"https:\/\/messelager.volkswagen.de\/index.php?rest_route=%2Fwp%2Fv2%2Fcomments&post=12043"}],"version-history":[{"count":5,"href":"https:\/\/messelager.volkswagen.de\/index.php?rest_route=\/wp\/v2\/pages\/12043\/revisions"}],"predecessor-version":[{"id":12048,"href":"https:\/\/messelager.volkswagen.de\/index.php?rest_route=\/wp\/v2\/pages\/12043\/revisions\/12048"}],"wp:attachment":[{"href":"https:\/\/messelager.volkswagen.de\/index.php?rest_route=%2Fwp%2Fv2%2Fmedia&parent=12043"}],"curies":[{"name":"wp","href":"https:\/\/api.w.org\/{rel}","templated":true}]}}