{"id":10,"date":"2019-01-14T10:12:56","date_gmt":"2019-01-14T10:12:56","guid":{"rendered":"https:\/\/10.51.34.7\/?page_id=10"},"modified":"2021-02-03T15:16:28","modified_gmt":"2021-02-03T14:16:28","slug":"kontakt","status":"publish","type":"page","link":"https:\/\/messelager.volkswagen.de\/?page_id=10","title":{"rendered":"Kontakt"},"content":{"rendered":"<div class=\"in\">\n<h3>Kontakt Volkswagen Messelager <\/h3>\n<h1 style=\"display: inline;\">Wir sind f\u00fcr Sie da. <\/h1>\n<h6 style=\"display: inline;\">Sprechen wir.<\/h6>\n<p><\/p>\n<p class=\"text\">Verschaffen Sie Ihren Bed\u00fcrfnissen und Anforderungen Geh\u00f6r. Wir beraten Sie gern und helfen aus dem Materialbestand das Passende zu Ihrem Volkswagen Markenauftritt zu w\u00e4hlen.<\/p>\n<p class=\"text\">Ben\u00f6tigen Sie Support oder Beratung, oder m\u00f6chten Ihr Event mit uns planen?<br \/>\nKontaktieren Sie uns: <\/p>\n<p style=\"color:rgb(0, 30, 80)\" class=\"text\">\n<b>Volkswagen Messelager<br \/>\nAm Krainhop 3<br \/>\n38550 Isenb\u00fcttel<\/b> <\/p>\n<p class=\"text\">\nTelefon +49-5361-9-83007<br \/>\nTelefax +49-5361-957-36152<\/p>\n<p class=\"text\">Email: <b><span style=\"color:rgb(0, 30, 80)\">messelager@volkswagen.de<\/b><\/span><\/p>\n<\/div>\n","protected":false},"excerpt":{"rendered":"<p>Kontakt Volkswagen Messelager Wir sind f\u00fcr Sie da. Sprechen wir. Verschaffen Sie Ihren Bed\u00fcrfnissen und Anforderungen Geh\u00f6r. Wir beraten Sie gern und helfen aus dem Materialbestand das Passende zu Ihrem Volkswagen Markenauftritt zu w\u00e4hlen. Ben\u00f6tigen Sie Support oder Beratung, oder m\u00f6chten Ihr Event mit uns planen? Kontaktieren Sie uns: Volkswagen Messelager Am Krainhop 3 38550 [&hellip;]<\/p>\n","protected":false},"author":1,"featured_media":0,"parent":0,"menu_order":0,"comment_status":"closed","ping_status":"closed","template":"","meta":{"footnotes":""},"class_list":["post-10","page","type-page","status-publish","hentry"],"_links":{"self":[{"href":"https:\/\/messelager.volkswagen.de\/index.php?rest_route=\/wp\/v2\/pages\/10","targetHints":{"allow":["GET"]}}],"collection":[{"href":"https:\/\/messelager.volkswagen.de\/index.php?rest_route=\/wp\/v2\/pages"}],"about":[{"href":"https:\/\/messelager.volkswagen.de\/index.php?rest_route=\/wp\/v2\/types\/page"}],"author":[{"embeddable":true,"href":"https:\/\/messelager.volkswagen.de\/index.php?rest_route=\/wp\/v2\/users\/1"}],"replies":[{"embeddable":true,"href":"https:\/\/messelager.volkswagen.de\/index.php?rest_route=%2Fwp%2Fv2%2Fcomments&post=10"}],"version-history":[{"count":11,"href":"https:\/\/messelager.volkswagen.de\/index.php?rest_route=\/wp\/v2\/pages\/10\/revisions"}],"predecessor-version":[{"id":569,"href":"https:\/\/messelager.volkswagen.de\/index.php?rest_route=\/wp\/v2\/pages\/10\/revisions\/569"}],"wp:attachment":[{"href":"https:\/\/messelager.volkswagen.de\/index.php?rest_route=%2Fwp%2Fv2%2Fmedia&parent=10"}],"curies":[{"name":"wp","href":"https:\/\/api.w.org\/{rel}","templated":true}]}}